{"id":35,"date":"2025-09-21T17:14:46","date_gmt":"2025-09-21T17:14:46","guid":{"rendered":"https:\/\/bulsarpsborg.matstovakulturkafe.no\/?page_id=35"},"modified":"2025-09-21T17:37:54","modified_gmt":"2025-09-21T17:37:54","slug":"blog","status":"publish","type":"page","link":"https:\/\/bulsarpsborg.matstovakulturkafe.no\/blog\/","title":{"rendered":"Blog"},"content":{"rendered":"<div class=\"fusion-fullwidth fullwidth-box fusion-builder-row-1 fusion-flex-container has-pattern-background has-mask-background nonhundred-percent-fullwidth non-hundred-percent-height-scrolling\" style=\"--awb-border-radius-top-left:0px;--awb-border-radius-top-right:0px;--awb-border-radius-bottom-right:0px;--awb-border-radius-bottom-left:0px;--awb-flex-wrap:wrap;\" ><div class=\"fusion-builder-row fusion-row fusion-flex-align-items-flex-start fusion-flex-content-wrap\" style=\"max-width:1248px;margin-left: calc(-4% \/ 2 );margin-right: calc(-4% \/ 2 );\"><div class=\"fusion-layout-column fusion_builder_column fusion-builder-column-0 fusion_builder_column_1_1 1_1 fusion-flex-column\" style=\"--awb-bg-size:cover;--awb-width-large:100%;--awb-margin-top-large:0px;--awb-spacing-right-large:1.92%;--awb-margin-bottom-large:20px;--awb-spacing-left-large:1.92%;--awb-width-medium:100%;--awb-order-medium:0;--awb-spacing-right-medium:1.92%;--awb-spacing-left-medium:1.92%;--awb-width-small:100%;--awb-order-small:0;--awb-spacing-right-small:1.92%;--awb-spacing-left-small:1.92%;\"><div class=\"fusion-column-wrapper fusion-column-has-shadow fusion-flex-justify-content-flex-start fusion-content-layout-column\"><div class=\"fusion-title title fusion-title-1 fusion-sep-none fusion-title-text fusion-title-size-one\"><h1 class=\"fusion-title-heading title-heading-left\" style=\"margin:0;\">Velkommen til Maurtua<\/h1><\/div><div class=\"fusion-text fusion-text-1\"><p>I underetasjen p\u00e5 Matstova er Maurtua, der medlemmene driver med husflidsaktiviteter.<\/p>\n<p>Maurtua best\u00e5r av et vevrom med fire vevstoler, snekkerverksted med maskinrom og et oppholdsrom der vi ogs\u00e5 har en strikkemaskin og en symaskin.<\/p>\n<p>I \u00e5r har det v\u00e6rt holdt flere grunnkurs flatvev. Kursinnhold: L\u00e6re \u00e5 lage en renning og \u00e5 sette opp en vev; sveiping av renninga, treing og nedknyting. Materiall\u00e6re og vevteori. Kurskvelder hver andre tirsdag fra kl 18.00 til 20.00. P\u00e5melding til slike kurs til Hildegun Fredriksen, telefon 484 81 855. Medarrang\u00f8r er Studieforbundet Kultur og Tradisjon.<\/p>\n<p>Kontakt for husflidsarbeidet er Hildegun Fredriksen, telefon 484 81 855 <\/p>\n<p>De tirsdagene det ikke er kurs, kan vi ha temakvelder.  Eksempler p\u00e5 noen av de teknikkene vi har l\u00e6rt er: Hakking\/hekling, lappeteknikk, brikkevev og sprangvev. Vi bruker helst egne medlemmer til \u00e5 instruere, men leier inn instrukt\u00f8r ved behov.<\/p>\n<p> Vi har et hyggelig og inspirerende milj\u00f8.<\/p>\n<p> Velkommen til \u00e5 ta kontakt med oss i Husflidsnemnda:<\/p>\n<p>Hildegun Fredriksen, telefon 484 81 855<\/p>\n<\/div><\/div><\/div><\/div><\/div>\n","protected":false},"excerpt":{"rendered":"","protected":false},"author":2,"featured_media":0,"parent":0,"menu_order":0,"comment_status":"closed","ping_status":"closed","template":"100-width.php","meta":{"footnotes":""},"class_list":["post-35","page","type-page","status-publish","hentry"],"_links":{"self":[{"href":"https:\/\/bulsarpsborg.matstovakulturkafe.no\/wp-json\/wp\/v2\/pages\/35","targetHints":{"allow":["GET"]}}],"collection":[{"href":"https:\/\/bulsarpsborg.matstovakulturkafe.no\/wp-json\/wp\/v2\/pages"}],"about":[{"href":"https:\/\/bulsarpsborg.matstovakulturkafe.no\/wp-json\/wp\/v2\/types\/page"}],"author":[{"embeddable":true,"href":"https:\/\/bulsarpsborg.matstovakulturkafe.no\/wp-json\/wp\/v2\/users\/2"}],"replies":[{"embeddable":true,"href":"https:\/\/bulsarpsborg.matstovakulturkafe.no\/wp-json\/wp\/v2\/comments?post=35"}],"version-history":[{"count":2,"href":"https:\/\/bulsarpsborg.matstovakulturkafe.no\/wp-json\/wp\/v2\/pages\/35\/revisions"}],"predecessor-version":[{"id":84,"href":"https:\/\/bulsarpsborg.matstovakulturkafe.no\/wp-json\/wp\/v2\/pages\/35\/revisions\/84"}],"wp:attachment":[{"href":"https:\/\/bulsarpsborg.matstovakulturkafe.no\/wp-json\/wp\/v2\/media?parent=35"}],"curies":[{"name":"wp","href":"https:\/\/api.w.org\/{rel}","templated":true}]}}